{"id":256,"date":"2018-02-16T18:39:48","date_gmt":"2018-02-16T18:39:48","guid":{"rendered":"http:\/\/kindergarten-wespennest.de\/?page_id=256"},"modified":"2025-05-27T06:27:29","modified_gmt":"2025-05-27T06:27:29","slug":"oranisatorisches","status":"publish","type":"page","link":"http:\/\/kindergarten-wespennest.de\/?page_id=256","title":{"rendered":"Organisatorisches"},"content":{"rendered":"<p>Die Anmeldung erfolgt \u00fcber den Kindergarten, entweder telefonisch, per Mail oder gerne auch pers\u00f6nlich. Unsere Erstanmeldung k\u00f6nnt ihr hier herunter laden:<\/p>\n<p><a href=\"http:\/\/kindergarten-wespennest.de\/wp-content\/uploads\/2022\/04\/Erstanmeldung.pdf\">Erstanmeldung<\/a><\/p>\n<p>Die Erstanmeldung garantiert noch keinen Platz in unserem Kindergarten. In der Regel geben wir Zusagen 6 Monate vor Beginn des neuen Kindergartenjahres (Anfang M\u00e4rz) heraus. Ihr habt dann 2 Wochen Zeit um den Platz zu- oder abzusagen. Danach k\u00f6nnen Kinder die keinen Platz erhalten haben gegebenenfalls nach r\u00fccken.<\/p>\n<p>Gerne k\u00f6nnt ihr euch den Kindergarten auch pers\u00f6nlich ansehen. Vereinbart dazu am besten einen Termin mit unserer Leitung:<br \/>\nTelefon: 07764-6562<br \/>\n<a href=\"mailto:Leitung@kindergarten-wespennest.de\">Leitung@kindergarten-wespennest.de<\/a><\/p>\n<p><strong><u>Monatliche Geb\u00fchren f\u00fcr die Betreuung in verl\u00e4ngerter \u00d6ffnungszeit (6,0 h):<\/u><\/strong><\/p>\n<table border=\"1\" width=\"511\" cellspacing=\"0\" cellpadding=\"5\">\n<colgroup>\n<col width=\"390\" \/>\n<col width=\"99\" \/><\/colgroup>\n<tbody>\n<tr valign=\"BOTTOM\">\n<td bgcolor=\"#ffffff\" width=\"390\" height=\"9\"><b>Tarif:<\/b><\/td>\n<td bgcolor=\"#ffffff\" width=\"99\"><b>monatlich<\/b><\/td>\n<\/tr>\n<tr valign=\"BOTTOM\">\n<td bgcolor=\"#ffffff\" width=\"390\" height=\"10\">Kinder ab 3 Jahre<\/td>\n<td bgcolor=\"#ffffff\" width=\"99\">112,00 \u20ac<\/td>\n<\/tr>\n<tr valign=\"BOTTOM\">\n<td bgcolor=\"#ffffff\" width=\"390\" height=\"10\">2. Kind ab 3 Jahre*<\/td>\n<td bgcolor=\"#ffffff\" width=\"99\">56,00 \u20ac<\/td>\n<\/tr>\n<tr valign=\"BOTTOM\">\n<td bgcolor=\"#ffffff\" width=\"390\" height=\"10\">3. Kind und weitere Kinder ab 3 Jahre*<\/td>\n<td bgcolor=\"#ffffff\" width=\"99\">frei<\/td>\n<\/tr>\n<tr valign=\"BOTTOM\">\n<td bgcolor=\"#ffffff\" width=\"390\" height=\"10\"><\/td>\n<td bgcolor=\"#ffffff\" width=\"99\"><\/td>\n<\/tr>\n<tr valign=\"BOTTOM\">\n<td bgcolor=\"#ffffff\" width=\"390\" height=\"10\">Kinder unter 3 Jahre<\/td>\n<td bgcolor=\"#ffffff\" width=\"99\">224,00 \u20ac<\/td>\n<\/tr>\n<tr valign=\"BOTTOM\">\n<td bgcolor=\"#ffffff\" width=\"390\" height=\"10\">2. Kind unter 3 Jahre*<\/td>\n<td bgcolor=\"#ffffff\" width=\"99\">148,00 \u20ac<\/td>\n<\/tr>\n<tr valign=\"BOTTOM\">\n<td bgcolor=\"#ffffff\" width=\"390\" height=\"10\">3. Kind unter 3 Jahre (1. und 2. Kind \u00fcber 3 Jahre)*<\/td>\n<td bgcolor=\"#ffffff\" width=\"99\">112,00 \u20ac<\/td>\n<\/tr>\n<tr valign=\"BOTTOM\">\n<td bgcolor=\"#ffffff\" width=\"390\" height=\"10\">3. Kind unter 3 Jahre (1. Kind \u00fcber 3 Jahre, 2. Kind unter 3 Jahre)*<\/td>\n<td bgcolor=\"#ffffff\" width=\"99\">112,00 \u20ac<\/td>\n<\/tr>\n<tr valign=\"BOTTOM\">\n<td bgcolor=\"#ffffff\" width=\"390\" height=\"10\">Kinder ab 3 Jahre, 1 x pro Woche<\/td>\n<td bgcolor=\"#ffffff\" width=\"99\">35,00 \u20ac<\/td>\n<\/tr>\n<tr valign=\"BOTTOM\">\n<td bgcolor=\"#ffffff\" width=\"390\" height=\"10\">Kinder ab 3 Jahre, 2 x pro Woche<\/td>\n<td bgcolor=\"#ffffff\" width=\"99\">70,00 \u20ac<\/td>\n<\/tr>\n<tr valign=\"BOTTOM\">\n<td bgcolor=\"#ffffff\" width=\"390\"><\/td>\n<td bgcolor=\"#ffffff\" width=\"99\"><\/td>\n<\/tr>\n<tr valign=\"BOTTOM\">\n<td bgcolor=\"#ffffff\" width=\"390\" height=\"10\">Kinder unter 3 Jahre, 1 x pro Woche<\/td>\n<td bgcolor=\"#ffffff\" width=\"99\">56,00 \u20ac<\/td>\n<\/tr>\n<tr valign=\"BOTTOM\">\n<td bgcolor=\"#ffffff\" width=\"390\" height=\"10\">Kinder unter 3 Jahre, 2 x pro Woche<\/td>\n<td bgcolor=\"#ffffff\" width=\"99\">112,00 \u20ac<\/td>\n<\/tr>\n<tr valign=\"BOTTOM\">\n<td bgcolor=\"#ffffff\" width=\"390\" height=\"10\">Kinder unter 3 Jahre, 3 x pro Woche<\/td>\n<td bgcolor=\"#ffffff\" width=\"99\">168,00 \u20ac<\/td>\n<\/tr>\n<tr valign=\"BOTTOM\">\n<td bgcolor=\"#ffffff\" width=\"390\" height=\"1\"><\/td>\n<td bgcolor=\"#ffffff\" width=\"99\"><\/td>\n<\/tr>\n<tr valign=\"BOTTOM\">\n<td bgcolor=\"#ffffff\" width=\"390\" height=\"10\">2. Kind unter 3 Jahre, 1 x pro Woche*<\/td>\n<td bgcolor=\"#ffffff\" width=\"99\">70,00 \u20ac<\/td>\n<\/tr>\n<tr valign=\"BOTTOM\">\n<td bgcolor=\"#ffffff\" width=\"390\" height=\"10\">2. Kind unter 3 Jahre, 2 x pro Woche*<\/td>\n<td bgcolor=\"#ffffff\" width=\"99\">140,00 \u20ac<\/td>\n<\/tr>\n<tr valign=\"BOTTOM\">\n<td bgcolor=\"#ffffff\" width=\"390\" height=\"9\">2. Kind unter 3 Jahre, 3 x pro Woche*<\/td>\n<td bgcolor=\"#ffffff\" width=\"99\">198,00 \u20ac<\/td>\n<\/tr>\n<\/tbody>\n<\/table>\n<p>* F\u00fcr die Berechnung werden nur Geschwisterkinder ber\u00fccksichtigt die sich gleichzeitig in der Einrichtung befinden.<\/p>\n<p>F\u00fcr die Betreuung in den Ferien wird ein Tagessatz von 7 Euro pro Kind \u00fcber 3 Jahren und 14 Euro pro Kinder unter 3 Jahren berechnet.<\/p>\n","protected":false},"excerpt":{"rendered":"<p>Die Anmeldung erfolgt \u00fcber den Kindergarten, entweder telefonisch, per Mail oder gerne auch pers\u00f6nlich. Unsere Erstanmeldung k\u00f6nnt ihr hier herunter laden: Erstanmeldung Die Erstanmeldung garantiert noch keinen Platz in unserem Kindergarten. In der Regel geben wir Zusagen 6 Monate vor Beginn des neuen Kindergartenjahres (Anfang M\u00e4rz) heraus. Ihr habt dann 2 Wochen Zeit um den &hellip; <\/p>\n<p><a class=\"more-link btn\" href=\"http:\/\/kindergarten-wespennest.de\/?page_id=256\">Weiterlesen<\/a><\/p>\n","protected":false},"author":1,"featured_media":0,"parent":0,"menu_order":0,"comment_status":"closed","ping_status":"closed","template":"","meta":{"footnotes":""},"_links":{"self":[{"href":"http:\/\/kindergarten-wespennest.de\/index.php?rest_route=\/wp\/v2\/pages\/256"}],"collection":[{"href":"http:\/\/kindergarten-wespennest.de\/index.php?rest_route=\/wp\/v2\/pages"}],"about":[{"href":"http:\/\/kindergarten-wespennest.de\/index.php?rest_route=\/wp\/v2\/types\/page"}],"author":[{"embeddable":true,"href":"http:\/\/kindergarten-wespennest.de\/index.php?rest_route=\/wp\/v2\/users\/1"}],"replies":[{"embeddable":true,"href":"http:\/\/kindergarten-wespennest.de\/index.php?rest_route=%2Fwp%2Fv2%2Fcomments&post=256"}],"version-history":[{"count":9,"href":"http:\/\/kindergarten-wespennest.de\/index.php?rest_route=\/wp\/v2\/pages\/256\/revisions"}],"predecessor-version":[{"id":607,"href":"http:\/\/kindergarten-wespennest.de\/index.php?rest_route=\/wp\/v2\/pages\/256\/revisions\/607"}],"wp:attachment":[{"href":"http:\/\/kindergarten-wespennest.de\/index.php?rest_route=%2Fwp%2Fv2%2Fmedia&parent=256"}],"curies":[{"name":"wp","href":"https:\/\/api.w.org\/{rel}","templated":true}]}}