{"id":376,"date":"2019-02-23T10:12:18","date_gmt":"2019-02-23T10:12:18","guid":{"rendered":"http:\/\/kindergarten-wespennest.de\/?page_id=376"},"modified":"2019-02-23T10:12:18","modified_gmt":"2019-02-23T10:12:18","slug":"dem-foerderverein-beitreten","status":"publish","type":"page","link":"http:\/\/kindergarten-wespennest.de\/?page_id=376","title":{"rendered":"Dem F\u00f6rderverein beitreten"},"content":{"rendered":"\n<p>Nach der Aufl\u00f6sung des Kindergarten Wespennest e.V. gr\u00fcndeten seine ehemaligen Mitglieder den F\u00f6rderverein Kindergarten Wespennest e.V.. Mit den Mitgliedsbeitr\u00e4gen und Spenden werden Materialien und Aktionen f\u00fcr die Kinder finanziert.<\/p>\n\n\n\n<p>Als Haupteinnahmequelle dient uns der Kuchenverkauf am j\u00e4hrlichen Kunstst\u00fcckchen Markt. \u00dcber Kuchenspenden und Mithilfe freuen wir uns immer sehr.<\/p>\n\n\n\n<p>Neue Mitglieder (aktiv oder passiv) sind herzlich willkommen. Unseren Flyer k\u00f6nnt ihr hier herunter laden. Gerne senden wir euch auch einen bereits gedruckten zu. Ihr findet sie au\u00dferdem im \u00f6rtlichen Rathaus und in verschiedenen Gesch\u00e4ften.<\/p>\n\n\n\n<div class=\"wp-block-file\"><a href=\"http:\/\/kindergarten-wespennest.de\/wp-content\/uploads\/2019\/02\/Kindergarten_Wespennest_Fyler_6seitig_Zickzackfalz_Print_1mmBeschnitt_keineSchnittmarken.pdf\">Flyer<br><\/a><a href=\"http:\/\/kindergarten-wespennest.de\/wp-content\/uploads\/2019\/02\/Kindergarten_Wespennest_Fyler_6seitig_Zickzackfalz_Print_1mmBeschnitt_keineSchnittmarken.pdf\" class=\"wp-block-file__button\" download>Herunterladen<\/a><\/div>\n","protected":false},"excerpt":{"rendered":"<p>Nach der Aufl\u00f6sung des Kindergarten Wespennest e.V. gr\u00fcndeten seine ehemaligen Mitglieder den F\u00f6rderverein Kindergarten Wespennest e.V.. Mit den Mitgliedsbeitr\u00e4gen und Spenden werden Materialien und Aktionen f\u00fcr die Kinder finanziert. Als Haupteinnahmequelle dient uns der Kuchenverkauf am j\u00e4hrlichen Kunstst\u00fcckchen Markt. \u00dcber Kuchenspenden und Mithilfe freuen wir uns immer sehr. Neue Mitglieder (aktiv oder passiv) sind herzlich &hellip; <\/p>\n<p><a class=\"more-link btn\" href=\"http:\/\/kindergarten-wespennest.de\/?page_id=376\">Weiterlesen<\/a><\/p>\n","protected":false},"author":1,"featured_media":0,"parent":0,"menu_order":0,"comment_status":"closed","ping_status":"closed","template":"","meta":{"footnotes":""},"_links":{"self":[{"href":"http:\/\/kindergarten-wespennest.de\/index.php?rest_route=\/wp\/v2\/pages\/376"}],"collection":[{"href":"http:\/\/kindergarten-wespennest.de\/index.php?rest_route=\/wp\/v2\/pages"}],"about":[{"href":"http:\/\/kindergarten-wespennest.de\/index.php?rest_route=\/wp\/v2\/types\/page"}],"author":[{"embeddable":true,"href":"http:\/\/kindergarten-wespennest.de\/index.php?rest_route=\/wp\/v2\/users\/1"}],"replies":[{"embeddable":true,"href":"http:\/\/kindergarten-wespennest.de\/index.php?rest_route=%2Fwp%2Fv2%2Fcomments&post=376"}],"version-history":[{"count":1,"href":"http:\/\/kindergarten-wespennest.de\/index.php?rest_route=\/wp\/v2\/pages\/376\/revisions"}],"predecessor-version":[{"id":377,"href":"http:\/\/kindergarten-wespennest.de\/index.php?rest_route=\/wp\/v2\/pages\/376\/revisions\/377"}],"wp:attachment":[{"href":"http:\/\/kindergarten-wespennest.de\/index.php?rest_route=%2Fwp%2Fv2%2Fmedia&parent=376"}],"curies":[{"name":"wp","href":"https:\/\/api.w.org\/{rel}","templated":true}]}}