{"id":440,"date":"2019-10-09T19:16:36","date_gmt":"2019-10-09T19:16:36","guid":{"rendered":"http:\/\/kindergarten-wespennest.de\/?page_id=440"},"modified":"2022-12-20T19:56:28","modified_gmt":"2022-12-20T19:56:28","slug":"sina-bayer-u3-bezugserzieherin-z-zt-in-elternzeit","status":"publish","type":"page","link":"http:\/\/kindergarten-wespennest.de\/?page_id=440","title":{"rendered":"Sina Bayer (Bezugserzieherin)"},"content":{"rendered":"\n<figure class=\"wp-block-image\"><img loading=\"lazy\" decoding=\"async\" width=\"456\" height=\"332\" src=\"http:\/\/kindergarten-wespennest.de\/wp-content\/uploads\/2019\/10\/Sina01.jpg\" alt=\"\" class=\"wp-image-441\" srcset=\"http:\/\/kindergarten-wespennest.de\/wp-content\/uploads\/2019\/10\/Sina01.jpg 456w, http:\/\/kindergarten-wespennest.de\/wp-content\/uploads\/2019\/10\/Sina01-300x218.jpg 300w\" sizes=\"(max-width: 456px) 100vw, 456px\" \/><\/figure>\n\n\n\n<p><strong>Name:<\/strong><br>Sina Bayer<br><br><strong>Alter:<\/strong><br>30<br><br><strong>Lieblingszitat:<\/strong><br>Kinder lernen gute Entscheidungen zu treffen, indem sie Entscheidungen treffen und nicht indem sie Anweisungen befolgen. <em>-Alfie Kohn<\/em><br><br><strong>Was zeichnet das Wespennest f\u00fcr dich aus:<\/strong><br>Das Wespennest ist f\u00fcr mich der bed\u00fcrfnisorientierteste Kindergarten den ich kenne.<br><br><strong>Was verbindest du mit dem Begriff Kindheit:<\/strong><br>Bedingungslose Liebe, schmutzige Kleider und H\u00e4nde aber gl\u00fcckliche Kinder, Geheimnisse mit Freunden in unbeobachtet Ecken austauschen.<br><br><strong>Dein Lieblingstier:<\/strong><br>Hunde, American Bulldogs <br><br><strong>Von welchem Land tr\u00e4umst Du<\/strong>:<br>Egal, Hauptsache mal wieder ans Meer <\/p>\n","protected":false},"excerpt":{"rendered":"<p>Name:Sina Bayer Alter:30 Lieblingszitat:Kinder lernen gute Entscheidungen zu treffen, indem sie Entscheidungen treffen und nicht indem sie Anweisungen befolgen. -Alfie Kohn Was zeichnet das Wespennest f\u00fcr dich aus:Das Wespennest ist f\u00fcr mich der bed\u00fcrfnisorientierteste Kindergarten den ich kenne. Was verbindest du mit dem Begriff Kindheit:Bedingungslose Liebe, schmutzige Kleider und H\u00e4nde aber gl\u00fcckliche Kinder, Geheimnisse mit &hellip; <\/p>\n<p><a class=\"more-link btn\" href=\"http:\/\/kindergarten-wespennest.de\/?page_id=440\">Weiterlesen<\/a><\/p>\n","protected":false},"author":1,"featured_media":0,"parent":0,"menu_order":0,"comment_status":"closed","ping_status":"closed","template":"","meta":{"footnotes":""},"_links":{"self":[{"href":"http:\/\/kindergarten-wespennest.de\/index.php?rest_route=\/wp\/v2\/pages\/440"}],"collection":[{"href":"http:\/\/kindergarten-wespennest.de\/index.php?rest_route=\/wp\/v2\/pages"}],"about":[{"href":"http:\/\/kindergarten-wespennest.de\/index.php?rest_route=\/wp\/v2\/types\/page"}],"author":[{"embeddable":true,"href":"http:\/\/kindergarten-wespennest.de\/index.php?rest_route=\/wp\/v2\/users\/1"}],"replies":[{"embeddable":true,"href":"http:\/\/kindergarten-wespennest.de\/index.php?rest_route=%2Fwp%2Fv2%2Fcomments&post=440"}],"version-history":[{"count":8,"href":"http:\/\/kindergarten-wespennest.de\/index.php?rest_route=\/wp\/v2\/pages\/440\/revisions"}],"predecessor-version":[{"id":571,"href":"http:\/\/kindergarten-wespennest.de\/index.php?rest_route=\/wp\/v2\/pages\/440\/revisions\/571"}],"wp:attachment":[{"href":"http:\/\/kindergarten-wespennest.de\/index.php?rest_route=%2Fwp%2Fv2%2Fmedia&parent=440"}],"curies":[{"name":"wp","href":"https:\/\/api.w.org\/{rel}","templated":true}]}}