{"id":461,"date":"2019-10-14T18:09:05","date_gmt":"2019-10-14T18:09:05","guid":{"rendered":"http:\/\/kindergarten-wespennest.de\/?page_id=461"},"modified":"2023-02-15T09:40:18","modified_gmt":"2023-02-15T09:40:18","slug":"shapary-lippold-auszubildende","status":"publish","type":"page","link":"http:\/\/kindergarten-wespennest.de\/?page_id=461","title":{"rendered":"Gregor Udvarhelyi (Bezugserzieher)"},"content":{"rendered":"\n<figure class=\"wp-block-image size-large is-resized\"><img loading=\"lazy\" decoding=\"async\" src=\"http:\/\/kindergarten-wespennest.de\/wp-content\/uploads\/2023\/02\/20220716_094751-1-640x1024.jpg\" alt=\"\" class=\"wp-image-578\" width=\"216\" height=\"346\"\/><\/figure>\n\n\n\n<p><strong>Name: <\/strong><br>Gregor Udvahelyi<br><br><strong>Alter: <\/strong><br>40<br><br><strong>Lieblingszitat: <\/strong><br>\u201eKreativit\u00e4t ist Intelligenz, die Spa\u00df hat.\u201c<br>Albert Einstein<\/p>\n\n\n\n<p><br><strong>Was zeichnet das Wespennest f\u00fcr dich aus:<\/strong><br>Das Wespennest zeichnet f\u00fcr mich aus, dass die ernste p\u00e4dagogische Arbeit mit  Leidenschaft und Freundlichkeit Hand in Hand gehen kann. Es ist ein Ort, wo das Leben Spiel und das Spiel Leben ist.<br><br><strong>Was verbindest du mit dem Begriff Kindheit:<\/strong><br>Unschuld, farbenfroher und unendlicher Sommer, sorgloses Leben und das Gef\u00fchl, dass wir in der Ewigkeit leben.<\/p>\n\n\n\n<p><strong>Was ist dein Lieblingsduft?<\/strong><br>Lavendel und Kiefer\/Tanne\u00a0<br><br><strong>Welches ist dein Lieblingsbuch und warum?<\/strong><br>Weihnachtsgeschichte von Charles Dickens. Diese\u00a0 Geschichte hilft uns zu verstehen, dass jeder die Chance erhalten sollte, ein besserer Mensch zu werden.\u00a0\u00a0<\/p>\n\n\n\n<p><strong>W\u00e4re ich ein Superheld h\u00e4tte ich diese Kr\u00e4fte:<\/strong><br>Ich k\u00f6nnte die Zeit beherrschen. Sie anhalten, oder vor und zur\u00fcckdrehen.<br><br><strong>Dein Lieblingstiert ist:<\/strong><br>Wenn ich mich nur f\u00fcr eines entscheiden m\u00fcsste, w\u00fcrde ich den Igel w\u00e4hlen.<br><br><strong>Von welchem Land tr\u00e4umst du:<\/strong> <br>Wo es unendliche Mengen von W\u00e4ldern und Bergen gibt&#8230;\u00a0<\/p>\n","protected":false},"excerpt":{"rendered":"<p>Name: Gregor Udvahelyi Alter: 40 Lieblingszitat: \u201eKreativit\u00e4t ist Intelligenz, die Spa\u00df hat.\u201cAlbert Einstein Was zeichnet das Wespennest f\u00fcr dich aus:Das Wespennest zeichnet f\u00fcr mich aus, dass die ernste p\u00e4dagogische Arbeit mit Leidenschaft und Freundlichkeit Hand in Hand gehen kann. Es ist ein Ort, wo das Leben Spiel und das Spiel Leben ist. Was verbindest du &hellip; <\/p>\n<p><a class=\"more-link btn\" href=\"http:\/\/kindergarten-wespennest.de\/?page_id=461\">Weiterlesen<\/a><\/p>\n","protected":false},"author":1,"featured_media":0,"parent":0,"menu_order":0,"comment_status":"closed","ping_status":"closed","template":"","meta":{"footnotes":""},"_links":{"self":[{"href":"http:\/\/kindergarten-wespennest.de\/index.php?rest_route=\/wp\/v2\/pages\/461"}],"collection":[{"href":"http:\/\/kindergarten-wespennest.de\/index.php?rest_route=\/wp\/v2\/pages"}],"about":[{"href":"http:\/\/kindergarten-wespennest.de\/index.php?rest_route=\/wp\/v2\/types\/page"}],"author":[{"embeddable":true,"href":"http:\/\/kindergarten-wespennest.de\/index.php?rest_route=\/wp\/v2\/users\/1"}],"replies":[{"embeddable":true,"href":"http:\/\/kindergarten-wespennest.de\/index.php?rest_route=%2Fwp%2Fv2%2Fcomments&post=461"}],"version-history":[{"count":4,"href":"http:\/\/kindergarten-wespennest.de\/index.php?rest_route=\/wp\/v2\/pages\/461\/revisions"}],"predecessor-version":[{"id":580,"href":"http:\/\/kindergarten-wespennest.de\/index.php?rest_route=\/wp\/v2\/pages\/461\/revisions\/580"}],"wp:attachment":[{"href":"http:\/\/kindergarten-wespennest.de\/index.php?rest_route=%2Fwp%2Fv2%2Fmedia&parent=461"}],"curies":[{"name":"wp","href":"https:\/\/api.w.org\/{rel}","templated":true}]}}