{"id":67,"date":"2018-02-11T13:13:56","date_gmt":"2018-02-11T13:13:56","guid":{"rendered":"http:\/\/kindergarten-wespennest.de\/?page_id=67"},"modified":"2025-05-27T06:10:11","modified_gmt":"2025-05-27T06:10:11","slug":"impressum","status":"publish","type":"page","link":"http:\/\/kindergarten-wespennest.de\/?page_id=67","title":{"rendered":"Impressum"},"content":{"rendered":"<p><strong>Adresse:<\/strong><br \/>\nKindergarten Wespennest<br \/>\nKirchweg 7\/1 (\u00dcbergangsweise)<br \/>\n79737 Herrischried<\/p>\n<p><strong>Tr\u00e4ger:<\/strong><br \/>\nGemeinde Herrischried<br \/>\nHauptstrasse 28<br \/>\n79737 Herrischried<\/p>\n<p><strong>Leitung:<\/strong><br \/>\nDaniela Reichelt<br \/>\nTel.: 07764 \u2013 6562<br \/>\nE-Mail: <a href=\"mailto:Leitung@kindergarten-wespennest.de\">Leitung@kindergarten-wespennest.de\u00a0<\/a><\/p>\n<p><strong>Inhaltlich verantwortlich nach \u00a77 TMG<\/strong><br \/>\nKindergarten Wespennest<br \/>\nKirchweg 7\/1<br \/>\n79737 Herrischried<\/p>\n<p><strong>Webdesign<\/strong>:<br \/>\nDaniela Reichelt<br \/>\nFont &#8222;Flagadoum&#8220; mit freundlicher Genehmigung von <a href=\"http:\/\/www.imagex-fonts.com\" target=\"_blank\" rel=\"noopener\">www.imagex-fonts.com<\/a><\/p>\n<p><strong>Haftungsausschluss<\/strong>:<br \/>\nDer Kindergarten Wespennest, Daniela Reichelt sowie die Gemeinde Herrischried sind f\u00fcr den Inhalt externer Webseiten nicht verantwortlich. F\u00fcr deren Inhalt sind ausschlie\u00dflich deren Betreiber verantwortlich.<\/p>\n","protected":false},"excerpt":{"rendered":"<p>Adresse: Kindergarten Wespennest Kirchweg 7\/1 (\u00dcbergangsweise) 79737 Herrischried Tr\u00e4ger: Gemeinde Herrischried Hauptstrasse 28 79737 Herrischried Leitung: Daniela Reichelt Tel.: 07764 \u2013 6562 E-Mail: Leitung@kindergarten-wespennest.de\u00a0 Inhaltlich verantwortlich nach \u00a77 TMG Kindergarten Wespennest Kirchweg 7\/1 79737 Herrischried Webdesign: Daniela Reichelt Font &#8222;Flagadoum&#8220; mit freundlicher Genehmigung von www.imagex-fonts.com Haftungsausschluss: Der Kindergarten Wespennest, Daniela Reichelt sowie die Gemeinde Herrischried &hellip; <\/p>\n<p><a class=\"more-link btn\" href=\"http:\/\/kindergarten-wespennest.de\/?page_id=67\">Weiterlesen<\/a><\/p>\n","protected":false},"author":1,"featured_media":0,"parent":0,"menu_order":0,"comment_status":"closed","ping_status":"closed","template":"","meta":{"footnotes":""},"_links":{"self":[{"href":"http:\/\/kindergarten-wespennest.de\/index.php?rest_route=\/wp\/v2\/pages\/67"}],"collection":[{"href":"http:\/\/kindergarten-wespennest.de\/index.php?rest_route=\/wp\/v2\/pages"}],"about":[{"href":"http:\/\/kindergarten-wespennest.de\/index.php?rest_route=\/wp\/v2\/types\/page"}],"author":[{"embeddable":true,"href":"http:\/\/kindergarten-wespennest.de\/index.php?rest_route=\/wp\/v2\/users\/1"}],"replies":[{"embeddable":true,"href":"http:\/\/kindergarten-wespennest.de\/index.php?rest_route=%2Fwp%2Fv2%2Fcomments&post=67"}],"version-history":[{"count":8,"href":"http:\/\/kindergarten-wespennest.de\/index.php?rest_route=\/wp\/v2\/pages\/67\/revisions"}],"predecessor-version":[{"id":605,"href":"http:\/\/kindergarten-wespennest.de\/index.php?rest_route=\/wp\/v2\/pages\/67\/revisions\/605"}],"wp:attachment":[{"href":"http:\/\/kindergarten-wespennest.de\/index.php?rest_route=%2Fwp%2Fv2%2Fmedia&parent=67"}],"curies":[{"name":"wp","href":"https:\/\/api.w.org\/{rel}","templated":true}]}}